{"id":34,"date":"2015-03-28T13:47:38","date_gmt":"2015-03-28T13:47:38","guid":{"rendered":"http:\/\/test.spd-hevensen.de\/?page_id=34"},"modified":"2024-06-30T10:25:42","modified_gmt":"2024-06-30T10:25:42","slug":"news","status":"publish","type":"page","link":"https:\/\/spd-hevensen.de\/","title":{"rendered":""},"content":{"rendered":"<table style=\"border-collapse: collapse; width: 100%; height: 220px;\">\n<tbody>\n<tr style=\"height: 220px;\">\n<td style=\"width: 30.8571%; vertical-align: top; height: 220px;\"><a href=\"https:\/\/spd-hevensen.de\/wp-content\/uploads\/2019\/03\/Torsten-Henne.jpg\" rel=\"lightbox[34]\"><img decoding=\"async\" loading=\"lazy\" class=\"alignleft wp-image-568 size-medium\" src=\"https:\/\/spd-hevensen.de\/wp-content\/uploads\/2019\/03\/Torsten-Henne-300x300.jpg\" alt=\"\" width=\"300\" height=\"300\" srcset=\"https:\/\/spd-hevensen.de\/wp-content\/uploads\/2019\/03\/Torsten-Henne-300x300.jpg 300w, https:\/\/spd-hevensen.de\/wp-content\/uploads\/2019\/03\/Torsten-Henne-150x150.jpg 150w, https:\/\/spd-hevensen.de\/wp-content\/uploads\/2019\/03\/Torsten-Henne-768x768.jpg 768w, https:\/\/spd-hevensen.de\/wp-content\/uploads\/2019\/03\/Torsten-Henne-624x624.jpg 624w, https:\/\/spd-hevensen.de\/wp-content\/uploads\/2019\/03\/Torsten-Henne.jpg 1000w\" sizes=\"(max-width: 300px) 100vw, 300px\" \/><\/a><\/td>\n<td style=\"width: 69.1429%; text-align: left; height: 220px;\"><span style=\"font-family: helvetica, arial, sans-serif; font-size: 12pt;\"><span style=\"font-family: impact, sans-serif; font-size: 14pt;\">Herzlich Willkommen!<\/span> Ich begr\u00fc\u00dfe Dich \/ Sie ganz herzlich auf unserer Homepage. Hier informieren wir \u00fcber unsere (politische) Arbeit in Hevensen und\u00a0 dar\u00fcber hinaus.<\/span><\/p>\n<p><span style=\"font-family: helvetica, arial, sans-serif; font-size: 12pt;\">Beste Gr\u00fc\u00dfe<\/span><br \/>\n<span style=\"font-family: 'comic sans ms', sans-serif; font-size: 14pt;\"><em><strong>Torsten Henne<\/strong><\/em>,<\/span><br \/>\n<span style=\"font-size: 12pt; font-family: helvetica, arial, sans-serif;\">1. Vorsitzender<\/span><\/td>\n<\/tr>\n<\/tbody>\n<\/table>\n<p><strong>Jahreshauptversammlung 2024<\/strong><br \/>\nDie Jahreshauptversammlung der SPD Hevensen findet in diesem sp\u00e4ter statt als die Jahre zuvor. Mitglieder und Freunde sind herzlich zur Teilnahme eingeladen. Termin: 19. Juli um 18:30 Uhr im Parteihaus am Thie. U. a. stehen Vorstandswahlen auf der Tagesordnung.<\/p>\n<hr \/>\n<p><span style=\"font-family: verdana, geneva, sans-serif; font-size: 12pt;\"><span style=\"font-family: helvetica, arial, sans-serif;\">Jahreshauptversammlung 2022:<\/span><br \/>\n<span style=\"font-family: helvetica, arial, sans-serif;\"><strong>Torsten Henne wurde in der gut besuchten Jahreshauptversammlung der SPD-Abteilung Hevensen am vergangenen Freitag (13.05.) einstimmig im Amt des Abteilungsvorsitzenden best\u00e4tigt.<a href=\"https:\/\/spd-hevensen.de\/?page_id=867\"> Weiter lesen..<\/a><\/strong><\/span><\/span><\/p>\n<hr \/>\n<p><strong><span style=\"font-family: helvetica, arial, sans-serif; font-size: 14pt;\">Ortsrat hat sich konstituiert<\/span><\/strong><\/p>\n<p><span style=\"font-family: helvetica, arial, sans-serif; font-size: 12pt;\"><a href=\"https:\/\/spd-hevensen.de\/wp-content\/uploads\/2022\/01\/Ortsrat-2021.jpg\" rel=\"lightbox[34]\"><img decoding=\"async\" loading=\"lazy\" class=\"alignleft wp-image-845 size-medium\" src=\"https:\/\/spd-hevensen.de\/wp-content\/uploads\/2022\/01\/Ortsrat-2021-300x200.jpg\" alt=\"\" width=\"300\" height=\"200\" srcset=\"https:\/\/spd-hevensen.de\/wp-content\/uploads\/2022\/01\/Ortsrat-2021-300x200.jpg 300w, https:\/\/spd-hevensen.de\/wp-content\/uploads\/2022\/01\/Ortsrat-2021-1024x683.jpg 1024w, https:\/\/spd-hevensen.de\/wp-content\/uploads\/2022\/01\/Ortsrat-2021-768x512.jpg 768w, https:\/\/spd-hevensen.de\/wp-content\/uploads\/2022\/01\/Ortsrat-2021-1536x1024.jpg 1536w, https:\/\/spd-hevensen.de\/wp-content\/uploads\/2022\/01\/Ortsrat-2021-120x80.jpg 120w, https:\/\/spd-hevensen.de\/wp-content\/uploads\/2022\/01\/Ortsrat-2021.jpg 1800w\" sizes=\"(max-width: 300px) 100vw, 300px\" \/><\/a>Am 12. September 2021 wurde auch in Hevensen ein neuer Ortsrat gew\u00e4hlt. Mit insgesamt 16 Kandidierenden standen in keiner anderen Hardegser Ortschaft so viele Bewerber*innen zujr Wahl. Der am 12.09.2021 neu gew\u00e4hlte Ortsrat trat am 23.11. zu seiner ersten Sitzung zusammen. Wie bereits in den sozialen Medien umfangreich berichtet verfehlte die SPD Hevensen die Mehrheit diesmal nur knapp. Es fehlten am Ende vier Stimmen. Ortsb\u00fcrgermeister Henning Ropeter (BBH) wurde einstimmig im Amt best\u00e4tigt. <a href=\"https:\/\/spd-hevensen.de\/?page_id=847\">Den ganzen Bericht lesen..<\/a><\/span><\/p>\n<p>&nbsp;<\/p>\n<hr \/>\n<p><span style=\"font-size: 18pt;\"><strong><span style=\"font-family: helvetica, arial, sans-serif; color: #000000;\">Ortsrats- und Stadtratswahlen 2021<\/span><\/strong><\/span><\/p>\n<p><span style=\"font-family: helvetica, arial, sans-serif; font-size: 12pt;\">Auch zur Kommunalwahl 2021 sind wir mit zahlreichen Kandidatinnen und Kandidaten auf den Wahllisten zu finden. Wer er auf welcher Liste steht, was wir uns f\u00fcr unser Dorf auf die Fahne schreiben wird hier demn\u00e4chst St\u00fcck f\u00fcr St\u00fcck zu finden sein. Schaut also \u00f6fter mal auf diese Seite. <\/span><\/p>\n<p><span style=\"font-size: 12pt;\"><span style=\"font-family: helvetica, arial, sans-serif;\">26.08.21: <\/span><a href=\"https:\/\/spd-hevensen.de\/?page_id=824\"><span style=\"font-family: helvetica, arial, sans-serif;\">Die Kleinen Dinge<\/span><\/a><\/span><br \/>\n<span style=\"font-family: helvetica, arial, sans-serif; font-size: 12pt;\">21.08.21: <a href=\"https:\/\/spd-hevensen.de\/?page_id=799\"><span style=\"font-size: 12pt;\">Warum SPD-Liste und Unsere Kandidatinnen und Kandidaten<\/span><\/a><\/span><\/p>\n<hr \/>\n<p><span style=\"font-size: 18pt; font-family: helvetica, arial, sans-serif;\"><strong>Covid-19 &#8211; kein Weihnachtsmarkt in Hevensen<\/strong><\/span><\/p>\n<p><span style=\"font-family: helvetica, arial, sans-serif; font-size: 12pt;\">Nachdem die SPD Hevensen wegen der Covid-19-Pandemie zuerst die Maifeier und dann das Drachenfest absagen musste steht jetzt fest, dass auch der Weihnachtsmarkt nicht stattfinden kann. <a href=\"http:\/\/spd-hevensen.de\/?page_id=752\">Bericht lesen..<\/a><\/span><\/p>\n<hr \/>\n<p>&nbsp;<\/p>\n<p><span style=\"font-family: helvetica, arial, sans-serif; font-size: 18pt;\"><strong>Schreddertag 2020 \u2013 Eine gute Resonanz, trotz oder dank Corona!<\/strong><\/span><\/p>\n<p><span style=\"font-family: helvetica, arial, sans-serif; font-size: 12pt;\"><img decoding=\"async\" loading=\"lazy\" class=\"alignleft wp-image-737\" src=\"http:\/\/spd-hevensen.de\/wp-content\/uploads\/2020\/10\/Foto-Schreddern-Web-300x200.jpg\" alt=\"\" width=\"270\" height=\"180\" srcset=\"https:\/\/spd-hevensen.de\/wp-content\/uploads\/2020\/10\/Foto-Schreddern-Web-300x200.jpg 300w, https:\/\/spd-hevensen.de\/wp-content\/uploads\/2020\/10\/Foto-Schreddern-Web-768x512.jpg 768w, https:\/\/spd-hevensen.de\/wp-content\/uploads\/2020\/10\/Foto-Schreddern-Web.jpg 900w\" sizes=\"(max-width: 270px) 100vw, 270px\" \/>Der gemeinsam von den SPD-Abteilungen Wolbrechtshausen und Hevensen organisierte Schreddertag 2020 war wieder sehr erfolgreich. Eigentlich wollte man dieses Jahr aussetzen. Doch aufgrund zahlreicher Anfragen der Einwohn*innen aus Wolbrechtshausen und Hevensen beschloss man, den Schreddertag auch in diesem Jahr zu organisieren. <a href=\"http:\/\/spd-hevensen.de\/?page_id=736\">Den ganzen Bericht lesen..\u00a0<\/a><\/span><\/p>\n<p>&nbsp;<\/p>\n<hr \/>\n<p>&nbsp;<\/p>\n<p><span style=\"font-family: helvetica, arial, sans-serif; font-size: 18pt;\"><strong>Spielplatz heute &amp; gestern!<\/strong><\/span><\/p>\n<p><span style=\"font-family: helvetica, arial, sans-serif; font-size: 12pt;\"><img decoding=\"async\" loading=\"lazy\" class=\"alignleft wp-image-486 size-medium\" src=\"http:\/\/spd-hevensen.de\/wp-content\/uploads\/2018\/10\/Bauarbeiten_Spielplatz-2-300x200.jpg\" alt=\"\" width=\"300\" height=\"200\" srcset=\"https:\/\/spd-hevensen.de\/wp-content\/uploads\/2018\/10\/Bauarbeiten_Spielplatz-2-300x200.jpg 300w, https:\/\/spd-hevensen.de\/wp-content\/uploads\/2018\/10\/Bauarbeiten_Spielplatz-2-768x512.jpg 768w, https:\/\/spd-hevensen.de\/wp-content\/uploads\/2018\/10\/Bauarbeiten_Spielplatz-2-624x416.jpg 624w, https:\/\/spd-hevensen.de\/wp-content\/uploads\/2018\/10\/Bauarbeiten_Spielplatz-2.jpg 900w\" sizes=\"(max-width: 300px) 100vw, 300px\" \/>Die zahlreichen Kinderspielpl\u00e4tze im Hardegser Stadtgebiet standen zum Jahresbeginn und dar\u00fcber hinaus im Mittelpunkt der \u00f6ffentlichen Diskussion. Wegen gravierender M\u00e4ngel waren alle Spielpl\u00e4tze f\u00fcr den Spielbetrieb von der Stadt Hardegsen gesperrt worden. Nachdem besonders in den D\u00f6rfern viele Ehrenamtliche aktiv mit zupackten um die M\u00e4ngel zu beseitigen sind inzwischen fast alle Spielpl\u00e4tze wieder ge\u00f6ffnet. Der Spielplatz am Hevenser Anger<span class=\"text_exposed_show\">\u00a0wurde bereits Anfang September nach einem Arbeitseinsatz zu dem der Ortsrat aufgerufen hatte wieder er\u00f6ffnet. Die M\u00e4ngel konnten beseitigt werden.\u00a0<\/span>Wer hat diesen Spielplatz eigentlich mal entstehen lassen? Eine gute Frage!\u00a0<a href=\"http:\/\/spd-hevensen.de\/?page_id=491\">weiterlesen&#8230;\u00a0<\/a><\/span><\/p>\n","protected":false},"excerpt":{"rendered":"<p>Herzlich Willkommen! Ich begr\u00fc\u00dfe Dich \/ Sie ganz herzlich auf unserer Homepage. Hier informieren wir \u00fcber unsere (politische) Arbeit in Hevensen und\u00a0 dar\u00fcber hinaus. Beste Gr\u00fc\u00dfe Torsten Henne, 1. Vorsitzender [&#8230;]<\/p>\n","protected":false},"author":1,"featured_media":0,"parent":0,"menu_order":0,"comment_status":"closed","ping_status":"closed","template":"","meta":[],"_links":{"self":[{"href":"https:\/\/spd-hevensen.de\/index.php?rest_route=\/wp\/v2\/pages\/34"}],"collection":[{"href":"https:\/\/spd-hevensen.de\/index.php?rest_route=\/wp\/v2\/pages"}],"about":[{"href":"https:\/\/spd-hevensen.de\/index.php?rest_route=\/wp\/v2\/types\/page"}],"author":[{"embeddable":true,"href":"https:\/\/spd-hevensen.de\/index.php?rest_route=\/wp\/v2\/users\/1"}],"replies":[{"embeddable":true,"href":"https:\/\/spd-hevensen.de\/index.php?rest_route=%2Fwp%2Fv2%2Fcomments&post=34"}],"version-history":[{"count":185,"href":"https:\/\/spd-hevensen.de\/index.php?rest_route=\/wp\/v2\/pages\/34\/revisions"}],"predecessor-version":[{"id":780,"href":"https:\/\/spd-hevensen.de\/index.php?rest_route=\/wp\/v2\/pages\/34\/revisions\/780"}],"wp:attachment":[{"href":"https:\/\/spd-hevensen.de\/index.php?rest_route=%2Fwp%2Fv2%2Fmedia&parent=34"}],"curies":[{"name":"wp","href":"https:\/\/api.w.org\/{rel}","templated":true}]}}