{"id":491,"date":"2018-10-10T18:05:13","date_gmt":"2018-10-10T18:05:13","guid":{"rendered":"http:\/\/spd-hevensen.de\/?page_id=491"},"modified":"2018-10-10T18:05:13","modified_gmt":"2018-10-10T18:05:13","slug":"arbeitseinsatz-heute-und-damals","status":"publish","type":"page","link":"https:\/\/spd-hevensen.de\/?page_id=491","title":{"rendered":"Arbeitseinsatz heute und damals.."},"content":{"rendered":"<p><span style=\"font-family: verdana, geneva, sans-serif; font-size: 12pt;\">Die zahlreichen Kinderspielpl\u00e4tze im Hardegser Stadtgebiet standen zum Jahresbeginn und dar\u00fcber hinaus im Mittelpunkt der \u00f6ffentlichen Diskussion. Wegen gravierender M\u00e4ngel waren alle Spielpl\u00e4tze f\u00fcr den Spielbetrieb von der Stadt Hardegsen gesperrt worden. Nachdem besonders in den D\u00f6rfern viele Ehrenamtliche aktiv mit zupackten um die M\u00e4ngel zu beseitigen sind inzwischen fast alle Spielpl\u00e4tze wieder ge\u00f6ffnet. Der Spielplatz am Hevenser Anger<span class=\"text_exposed_show\">\u00a0wurde bereits Anfang September nach einem Arbeitseinsatz zu dem der Ortsrat aufgerufen hatte wieder er\u00f6ffnet. Die M\u00e4ngel konnten beseitigt werden.\u00a0<\/span>Wer hat diesen Spielplatz eigentlich mal entstehen lassen? Eine gute Frage&#8230;\u00a0<\/span><\/p>\n<div class=\"text_exposed_show\">\n<p><span style=\"font-family: verdana, geneva, sans-serif; font-size: 12pt;\">Bei dieser \u00dcberlegung fiel uns ein Bild aus den fr\u00fchen 1970er Jahren in die H\u00e4nde, das wir an dieser Stelle gern ver\u00f6ffentlichen: Auf diesem Foto sieht man zahlreiche SPD Mitglieder, die damals den Kinderspielplatz am Anger aufgebaut haben. Die Kinder freuten sich auf ihren Spielplatz. Spielger\u00e4te ohne &#8222;Zertifikat&#8220; &#8211; einfach aus Holz selbst gebaut. Damals war das noch m\u00f6glich. Heute muss sehr viel Geld in die Hand genommen werden, um einen Kinderspielplatz zu erneuern. Danke an alle die sich seither f\u00fcr den Erhalt und Ausbau unseres Kinderspielplatzes eingesetzt haben.<\/span><\/p>\n<p><a href=\"http:\/\/spd-hevensen.de\/wp-content\/uploads\/2018\/10\/Bauarbeiten_Spielplatz-2.jpg\" rel=\"lightbox[491]\"><img decoding=\"async\" loading=\"lazy\" class=\"aligncenter size-full wp-image-486\" src=\"http:\/\/spd-hevensen.de\/wp-content\/uploads\/2018\/10\/Bauarbeiten_Spielplatz-2.jpg\" alt=\"\" width=\"900\" height=\"600\" srcset=\"https:\/\/spd-hevensen.de\/wp-content\/uploads\/2018\/10\/Bauarbeiten_Spielplatz-2.jpg 900w, https:\/\/spd-hevensen.de\/wp-content\/uploads\/2018\/10\/Bauarbeiten_Spielplatz-2-300x200.jpg 300w, https:\/\/spd-hevensen.de\/wp-content\/uploads\/2018\/10\/Bauarbeiten_Spielplatz-2-768x512.jpg 768w, https:\/\/spd-hevensen.de\/wp-content\/uploads\/2018\/10\/Bauarbeiten_Spielplatz-2-624x416.jpg 624w\" sizes=\"(max-width: 900px) 100vw, 900px\" \/><\/a><\/p>\n<\/div>\n","protected":false},"excerpt":{"rendered":"<p>Die zahlreichen Kinderspielpl\u00e4tze im Hardegser Stadtgebiet standen zum Jahresbeginn und dar\u00fcber hinaus im Mittelpunkt der \u00f6ffentlichen Diskussion. Wegen gravierender M\u00e4ngel waren alle Spielpl\u00e4tze f\u00fcr den Spielbetrieb von der Stadt Hardegsen [&#8230;]<\/p>\n","protected":false},"author":1,"featured_media":0,"parent":0,"menu_order":0,"comment_status":"closed","ping_status":"closed","template":"","meta":[],"_links":{"self":[{"href":"https:\/\/spd-hevensen.de\/index.php?rest_route=\/wp\/v2\/pages\/491"}],"collection":[{"href":"https:\/\/spd-hevensen.de\/index.php?rest_route=\/wp\/v2\/pages"}],"about":[{"href":"https:\/\/spd-hevensen.de\/index.php?rest_route=\/wp\/v2\/types\/page"}],"author":[{"embeddable":true,"href":"https:\/\/spd-hevensen.de\/index.php?rest_route=\/wp\/v2\/users\/1"}],"replies":[{"embeddable":true,"href":"https:\/\/spd-hevensen.de\/index.php?rest_route=%2Fwp%2Fv2%2Fcomments&post=491"}],"version-history":[{"count":1,"href":"https:\/\/spd-hevensen.de\/index.php?rest_route=\/wp\/v2\/pages\/491\/revisions"}],"predecessor-version":[{"id":492,"href":"https:\/\/spd-hevensen.de\/index.php?rest_route=\/wp\/v2\/pages\/491\/revisions\/492"}],"wp:attachment":[{"href":"https:\/\/spd-hevensen.de\/index.php?rest_route=%2Fwp%2Fv2%2Fmedia&parent=491"}],"curies":[{"name":"wp","href":"https:\/\/api.w.org\/{rel}","templated":true}]}}