{"id":523,"date":"2018-11-21T06:02:51","date_gmt":"2018-11-21T06:02:51","guid":{"rendered":"http:\/\/spd-hevensen.de\/?page_id=523"},"modified":"2018-11-21T06:04:03","modified_gmt":"2018-11-21T06:04:03","slug":"weihnachtsmarkt-am-1-dezember","status":"publish","type":"page","link":"https:\/\/spd-hevensen.de\/?page_id=523","title":{"rendered":"Weihnachtsmarkt am 1. Dezember"},"content":{"rendered":"<p><a href=\"http:\/\/spd-hevensen.de\/wp-content\/uploads\/2017\/10\/WM2015_Weihnachtliches.jpg\" rel=\"lightbox[523]\"><img decoding=\"async\" loading=\"lazy\" class=\"aligncenter size-full wp-image-417\" src=\"http:\/\/spd-hevensen.de\/wp-content\/uploads\/2017\/10\/WM2015_Weihnachtliches.jpg\" alt=\"\" width=\"960\" height=\"657\" srcset=\"https:\/\/spd-hevensen.de\/wp-content\/uploads\/2017\/10\/WM2015_Weihnachtliches.jpg 960w, https:\/\/spd-hevensen.de\/wp-content\/uploads\/2017\/10\/WM2015_Weihnachtliches-300x205.jpg 300w, https:\/\/spd-hevensen.de\/wp-content\/uploads\/2017\/10\/WM2015_Weihnachtliches-768x526.jpg 768w, https:\/\/spd-hevensen.de\/wp-content\/uploads\/2017\/10\/WM2015_Weihnachtliches-624x427.jpg 624w\" sizes=\"(max-width: 960px) 100vw, 960px\" \/><\/a><\/p>\n<p><span style=\"font-family: verdana, geneva, sans-serif; font-size: 12pt;\">Am Samstag, 1. Dezember findet in Hevensen der diesj\u00e4hrige Weihnachtsmarkt statt. Organisiert wird der Markt wieder von der \u00f6rtlichen SPD Abteilung. Die Organisatoren freuen sich, dass auch in diesem Jahr einige Vereine und Privatpersonen ihre aktive Teilnahme zugesagt haben und damit die Hevenser Traditionsveranstaltung unterst\u00fctzen. Denn bereits seit 1983 veranstalten die Hevenser j\u00e4hrlich zum 1. Advent ihren Weihnachtsmarkt.<\/span><\/p>\n<p><span style=\"font-family: verdana, geneva, sans-serif; font-size: 12pt;\">Der\u00a0 Weihnachtsmarkt beginnt\u00a0 um 15:00 Uhr mit einer kleinen Er\u00f6ffnung. Direkt im Anschluss werden die Kinder des evangelischen Kindergartens gemeinsam mit Ihren Betreuerinnen den\u00a0Hevenser Weihnachtsbaum (gestiftet vom Kindergarten!)\u00a0mit selbst Gebasteltem schm\u00fccken. Zeitgleich \u00f6ffnet im warmen Luthersaal das gro\u00dfe Kuchenbuffet des Kindergartens.\u00a0\u00a0Wie immer gibt es leckeren hausgemachten Kuchen. Ab 16:00 Uhr laden \u00a0&#8222;Jenny und Claudia&#8220; alle Kinder zum basteln in die R\u00e4ume des Kindergartens ein.<\/span><\/p>\n<p><span style=\"font-family: verdana, geneva, sans-serif; font-size: 12pt;\">Au\u00dferdem gibt es im Zentrum von Hevensen viele leckere Dinge.\u00a0 Bratwurst, Krakauer und Pommes. Gl\u00fchwein, Bier und Alkoholfreies gibt es am und im Alten Feuerwehrhaus.\u00a0 Weitere St\u00e4nde u. a. mit Weihnachtlichem, Gestecken, Handtuch Origami und individuellen Handarbeiten gibt es nebenan. Gegen 17:30 Uhr wird der Weihnachtsmann erwartet. Er h\u00e4lt f\u00fcr die Kleinen einige S\u00fc\u00dfigkeiten bereit.\u00a0 Gegen 18:00 Uhr wird eine Abordnung des Musikvereins Wolbrechtshausen f\u00fcr weihnachtliche Kl\u00e4nge sorgen. Die Hauptmarktzeit wird sich im Zeitraum von 15 Uhr bis 19:30 Uhr bewegen. Ganz nach Resonanz haben die St\u00e4nde gern l\u00e4nger ge\u00f6ffnet.\u00a0 Hevensen freut sich auf viele Besucher am Vortag des 1. Advents.<\/span><\/p>\n<p>&nbsp;<\/p>\n","protected":false},"excerpt":{"rendered":"<p>Am Samstag, 1. Dezember findet in Hevensen der diesj\u00e4hrige Weihnachtsmarkt statt. Organisiert wird der Markt wieder von der \u00f6rtlichen SPD Abteilung. Die Organisatoren freuen sich, dass auch in diesem Jahr [&#8230;]<\/p>\n","protected":false},"author":1,"featured_media":0,"parent":0,"menu_order":0,"comment_status":"closed","ping_status":"closed","template":"","meta":[],"_links":{"self":[{"href":"https:\/\/spd-hevensen.de\/index.php?rest_route=\/wp\/v2\/pages\/523"}],"collection":[{"href":"https:\/\/spd-hevensen.de\/index.php?rest_route=\/wp\/v2\/pages"}],"about":[{"href":"https:\/\/spd-hevensen.de\/index.php?rest_route=\/wp\/v2\/types\/page"}],"author":[{"embeddable":true,"href":"https:\/\/spd-hevensen.de\/index.php?rest_route=\/wp\/v2\/users\/1"}],"replies":[{"embeddable":true,"href":"https:\/\/spd-hevensen.de\/index.php?rest_route=%2Fwp%2Fv2%2Fcomments&post=523"}],"version-history":[{"count":1,"href":"https:\/\/spd-hevensen.de\/index.php?rest_route=\/wp\/v2\/pages\/523\/revisions"}],"predecessor-version":[{"id":524,"href":"https:\/\/spd-hevensen.de\/index.php?rest_route=\/wp\/v2\/pages\/523\/revisions\/524"}],"wp:attachment":[{"href":"https:\/\/spd-hevensen.de\/index.php?rest_route=%2Fwp%2Fv2%2Fmedia&parent=523"}],"curies":[{"name":"wp","href":"https:\/\/api.w.org\/{rel}","templated":true}]}}