{"id":824,"date":"2021-08-27T15:51:15","date_gmt":"2021-08-27T15:51:15","guid":{"rendered":"https:\/\/spd-hevensen.de\/?page_id=824"},"modified":"2021-08-30T12:15:43","modified_gmt":"2021-08-30T12:15:43","slug":"die-kleinen-dinge","status":"publish","type":"page","link":"https:\/\/spd-hevensen.de\/?page_id=824","title":{"rendered":"Die kleinen Dinge"},"content":{"rendered":"<p><span style=\"font-family: helvetica, arial, sans-serif; font-size: 12pt;\">Oft sind es die kleinen Dinge, die praktisch und mit geringen Kosten herzustellen oder anzuschaffen sind. Nicht zuletzt durch Corona haben sich viele Mitmenschen einen Hund angeschafft. Schaut man genau hin, f\u00e4llt auf, dass es wenig bis gar keine M\u00f6glichkeiten gibt, die Hinterlassenschaften der Vierbeiner zu entsorgen. Die Stadt Hardegsen verplichtet Hundebesitzerinnen und Hundebesitzer jedoch zur Beseitigung des Hundekots im \u00f6ffentlichen Raum. Die SPD setzt sich deshalb daf\u00fcr ein, dass im Ort und auch in der n\u00e4heren Feldmark (z. B. Friedhofsweg und Lehmkuhle) weitere Abfallbeh\u00e4lter aufgestellt werden. Dar\u00fcber hinaus sollen diese mit Kott\u00fcten ausgestattet werden. In unserem Nachbarort Wolbrechtshausen gibt es das schon l\u00e4nger. \u00dcbrigens mit gutem Erfolg. Da muss man das Rad nicht neu erfinden. Bew\u00e4hrtes kann immer gern \u00fcbernommen werden.<br \/>\n<\/span><\/p>\n","protected":false},"excerpt":{"rendered":"<p>Oft sind es die kleinen Dinge, die praktisch und mit geringen Kosten herzustellen oder anzuschaffen sind. Nicht zuletzt durch Corona haben sich viele Mitmenschen einen Hund angeschafft. Schaut man genau [&#8230;]<\/p>\n","protected":false},"author":1,"featured_media":0,"parent":0,"menu_order":0,"comment_status":"closed","ping_status":"closed","template":"","meta":[],"_links":{"self":[{"href":"https:\/\/spd-hevensen.de\/index.php?rest_route=\/wp\/v2\/pages\/824"}],"collection":[{"href":"https:\/\/spd-hevensen.de\/index.php?rest_route=\/wp\/v2\/pages"}],"about":[{"href":"https:\/\/spd-hevensen.de\/index.php?rest_route=\/wp\/v2\/types\/page"}],"author":[{"embeddable":true,"href":"https:\/\/spd-hevensen.de\/index.php?rest_route=\/wp\/v2\/users\/1"}],"replies":[{"embeddable":true,"href":"https:\/\/spd-hevensen.de\/index.php?rest_route=%2Fwp%2Fv2%2Fcomments&post=824"}],"version-history":[{"count":4,"href":"https:\/\/spd-hevensen.de\/index.php?rest_route=\/wp\/v2\/pages\/824\/revisions"}],"predecessor-version":[{"id":828,"href":"https:\/\/spd-hevensen.de\/index.php?rest_route=\/wp\/v2\/pages\/824\/revisions\/828"}],"wp:attachment":[{"href":"https:\/\/spd-hevensen.de\/index.php?rest_route=%2Fwp%2Fv2%2Fmedia&parent=824"}],"curies":[{"name":"wp","href":"https:\/\/api.w.org\/{rel}","templated":true}]}}