{"id":847,"date":"2022-01-05T11:28:06","date_gmt":"2022-01-05T11:28:06","guid":{"rendered":"https:\/\/spd-hevensen.de\/?page_id=847"},"modified":"2022-01-05T11:28:06","modified_gmt":"2022-01-05T11:28:06","slug":"ortsrat-hevensen-hat-sich-konstituiert","status":"publish","type":"page","link":"https:\/\/spd-hevensen.de\/?page_id=847","title":{"rendered":"Ortsrat Hevensen hat sich konstituiert"},"content":{"rendered":"<p><span style=\"font-family: helvetica, arial, sans-serif; font-size: 12pt;\">Am 12. September 2021 wurde auch in Hevensen ein neuer Ortsrat gew\u00e4hlt. Mit insgesamt 16 Kandidierenden standen in keiner anderen Hardegser Ortschaft so viele Bewerber*innen zur Wahl. Der am 12.09.2021 neu gew\u00e4hlte Ortsrat trat am 23.11. zu seiner ersten Sitzung zusammen. Wie bereits in den sozialen Medien umfangreich berichtet verfehlte die SPD Hevensen die Mehrheit diesmal nur knapp. Es fehlten am Ende vier Stimmen. Ortsb\u00fcrgermeister Henning Ropeter (BBH) wurde einstimmig im Amt best\u00e4tigt.\u00a0<\/span><\/p>\n<div id=\"attachment_845\" style=\"width: 870px\" class=\"wp-caption aligncenter\"><a href=\"https:\/\/spd-hevensen.de\/wp-content\/uploads\/2022\/01\/Ortsrat-2021.jpg\" rel=\"lightbox[847]\"><img aria-describedby=\"caption-attachment-845\" decoding=\"async\" loading=\"lazy\" class=\"wp-image-845 size-large\" src=\"https:\/\/spd-hevensen.de\/wp-content\/uploads\/2022\/01\/Ortsrat-2021-1024x683.jpg\" alt=\"\" width=\"860\" height=\"574\" srcset=\"https:\/\/spd-hevensen.de\/wp-content\/uploads\/2022\/01\/Ortsrat-2021-1024x683.jpg 1024w, https:\/\/spd-hevensen.de\/wp-content\/uploads\/2022\/01\/Ortsrat-2021-300x200.jpg 300w, https:\/\/spd-hevensen.de\/wp-content\/uploads\/2022\/01\/Ortsrat-2021-768x512.jpg 768w, https:\/\/spd-hevensen.de\/wp-content\/uploads\/2022\/01\/Ortsrat-2021-1536x1024.jpg 1536w, https:\/\/spd-hevensen.de\/wp-content\/uploads\/2022\/01\/Ortsrat-2021-120x80.jpg 120w, https:\/\/spd-hevensen.de\/wp-content\/uploads\/2022\/01\/Ortsrat-2021.jpg 1800w\" sizes=\"(max-width: 860px) 100vw, 860px\" \/><\/a><p id=\"caption-attachment-845\" class=\"wp-caption-text\"><em><span style=\"font-family: helvetica, arial, sans-serif; font-size: 10pt;\">v. l. n. r.: Torsten Henne, Claudia Fitzenreiter-Denk, Jens Beinhorn, Gudrun H\u00fchne-Osterloh, Thomas Spangenberg, Claudia Eicke-Sch\u00e4fer, Henning Ropeter<\/span><\/em><\/p><\/div>\n<p><span style=\"font-family: helvetica, arial, sans-serif; font-size: 12pt;\">Die SPD Hevensen ist\u00a0 mit Claudia Fitzenreiter-Denk, Jens Beinhorn und Torsten Henne im neuen Ortsrat vertreten. Letzterer wurde von Gudrun H\u00fchne-Osterloh (BBH) zur Wahl des stellvertretenden Ortsb\u00fcrgermeisters vorgeschlagen. Wie schon zuvor Henning Ropeter wurde Torsten Henne einstimmig bei einer Enthaltung gew\u00e4hlt. Die SPD begr\u00fc\u00dft den Vorschlag des B\u00fcrgerb\u00fcndnisses. Nicht zuletzt wegen der dankbar knappen Mehrheit, sondern auch weil Torsten Henne die zweitmeisten Stimmen im Ort erhielt. Insgesamt m\u00f6chten alle Ortsratsmitglieder k\u00fcnftig mehr miteinander arbeiten und hoffen somit noch mehr f\u00fcr den Ort erreichen zu k\u00f6nnen. Parteizugeh\u00f6rigkeiten sollten keine Rolle spielen.\u00a0<\/span><\/p>\n<p><span style=\"font-family: helvetica, arial, sans-serif; font-size: 12pt;\">Torsten Henne betonte dennoch, dass es f\u00fcr die SPD schon wichtig sei, mit eigenen Listen\u00a0 anzutreten. Schon mit Blick auf \u00fcbergeordnete Wahlen (Stadtrat \/ Kreistag) sei es wichtig eine Basis mit zahlreichen Bewerberinnen und Bewerber zu haben. Somit gab es zwei Listen aber nur ein Ziel. Das Ziel lautet m\u00f6glichst viel f\u00fcr den Ort und im Ort zu erreichen. Da durfte der Hinweis darauf, dass mit Torsten Henne, Claudia Fitzenreiter-Denk, Henning Ropeter (CDU) und Thomas Spangenberg (FDP) gleich vier der sieben Ortsratsmitglieder auch einen Sitz im Stadtrat haben, nicht fehlen.\u00a0<\/span><\/p>\n<p>&nbsp;<\/p>\n<p>&nbsp;<\/p>\n","protected":false},"excerpt":{"rendered":"<p>Am 12. September 2021 wurde auch in Hevensen ein neuer Ortsrat gew\u00e4hlt. Mit insgesamt 16 Kandidierenden standen in keiner anderen Hardegser Ortschaft so viele Bewerber*innen zur Wahl. Der am 12.09.2021 [&#8230;]<\/p>\n","protected":false},"author":1,"featured_media":0,"parent":0,"menu_order":0,"comment_status":"closed","ping_status":"closed","template":"","meta":[],"_links":{"self":[{"href":"https:\/\/spd-hevensen.de\/index.php?rest_route=\/wp\/v2\/pages\/847"}],"collection":[{"href":"https:\/\/spd-hevensen.de\/index.php?rest_route=\/wp\/v2\/pages"}],"about":[{"href":"https:\/\/spd-hevensen.de\/index.php?rest_route=\/wp\/v2\/types\/page"}],"author":[{"embeddable":true,"href":"https:\/\/spd-hevensen.de\/index.php?rest_route=\/wp\/v2\/users\/1"}],"replies":[{"embeddable":true,"href":"https:\/\/spd-hevensen.de\/index.php?rest_route=%2Fwp%2Fv2%2Fcomments&post=847"}],"version-history":[{"count":2,"href":"https:\/\/spd-hevensen.de\/index.php?rest_route=\/wp\/v2\/pages\/847\/revisions"}],"predecessor-version":[{"id":849,"href":"https:\/\/spd-hevensen.de\/index.php?rest_route=\/wp\/v2\/pages\/847\/revisions\/849"}],"wp:attachment":[{"href":"https:\/\/spd-hevensen.de\/index.php?rest_route=%2Fwp%2Fv2%2Fmedia&parent=847"}],"curies":[{"name":"wp","href":"https:\/\/api.w.org\/{rel}","templated":true}]}}